{"id":3416,"date":"2022-03-15T11:01:00","date_gmt":"2022-03-15T10:01:00","guid":{"rendered":"https:\/\/8er9g34w2g5aggpa.prev.site\/cz\/vyzadejte-si-cenovou-nabidku\/"},"modified":"2022-03-15T11:01:00","modified_gmt":"2022-03-15T10:01:00","slug":"vyzadejte-si-cenovou-nabidku","status":"publish","type":"page","link":"https:\/\/spedman.cz\/cs\/vyzadejte-si-cenovou-nabidku\/","title":{"rendered":"Vy\u017e\u00e1dejte si cenovou nab\u00eddku"},"content":{"rendered":"<div class=\"wpb-content-wrapper\"><div class=\"vc_row wpb_row vc_row-fluid vc_custom_1449205477020\"><div class=\"wpb_column vc_column_container vc_col-sm-12\"><div class=\"vc_column-inner\"><div class=\"wpb_wrapper\"><h3 style=\"text-align: left\" class=\"vc_custom_heading\" >Vy\u017e\u00e1dejte si cenovou nab\u00eddku<\/h3>[contact-form-7 id=&#8221;208&#8243;]<\/div><\/div><\/div><\/div><div data-vc-full-width=\"true\" data-vc-full-width-init=\"false\" data-vc-stretch-content=\"true\" class=\"vc_row wpb_row vc_row-fluid secondary_bg_color convert_to_table services_icons vc_custom_1449204239642 vc_row-no-padding\"><div class=\"wpb_column vc_column_container vc_col-sm-12 vc_col-lg-4 vc_col-md-4\"><div class=\"vc_column-inner vc_custom_1449204255225\"><div class=\"wpb_wrapper\">\n<div class=\"stm_icon center icon_position_top\">\n\t\t\t<div class=\"icon\" style=\"font-size: 67px; height: 90px; color: #ffffff;\">\n\t\t\t<i class=\"stm-security\"><\/i>\n\t\t<\/div>\n\t\t<div class=\"icon_text\">\n\t\t\t\t\t<div class=\"title\" style=\"font-size: 24px; font-weight: 700; color: #ffffff;\">\n\t\t\t\t\t\t\t\t\tBezpe\u010dn\u011b a prov\u011b\u0159en\u011b\t\t\t\t\t\t\t<\/div>\n\t\t\t\t\t\t\t<div class=\"text\" style=\"color: #ffffff;\">\n\t\t\t\t<p>M\u016f\u017eete profitovat z na\u0161ich zku\u0161enost\u00ed p\u0159i dod\u00e1v\u00e1n\u00ed efektivn\u00edch \u0159e\u0161en\u00ed komplexn\u00edm glob\u00e1ln\u00edm dodavatelsk\u00fdm \u0159et\u011bzc\u016fm a na\u0161eho perfektn\u00edho servisu.<\/p>\n\t\t\t<\/div>\n\t\t\t<\/div>\n<\/div>\n<\/div><\/div><\/div><div class=\"wpb_column vc_column_container vc_col-sm-12 vc_col-lg-4 vc_col-md-4 vc_col-has-fill\"><div class=\"vc_column-inner vc_custom_1449204260881\"><div class=\"wpb_wrapper\">\n<div class=\"stm_icon center icon_position_top\">\n\t\t\t<div class=\"icon\" style=\"font-size: 67px; height: 90px; color: #ffffff;\">\n\t\t\t<i class=\"stm-fast-delivery\"><\/i>\n\t\t<\/div>\n\t\t<div class=\"icon_text\">\n\t\t\t\t\t<div class=\"title\" style=\"font-size: 24px; font-weight: 700; color: #ffffff;\">\n\t\t\t\t\t\t\t\t\tRychl\u00e9 doru\u010den\u00ed\t\t\t\t\t\t\t<\/div>\n\t\t\t\t\t\t\t<div class=\"text\" style=\"color: #ffffff;\">\n\t\t\t\t<p>\nM\u016f\u017eete profitovat z ka\u017ed\u00e9 na\u0161\u00ed inovace, a\u0165 u\u017e jde o jednoduch\u00e9 roz\u0161\u00ed\u0159en\u00ed na\u0161ich produkt\u016f leteck\u00e9 nebo n\u00e1mo\u0159n\u00ed p\u0159epravy, \u010di rozvoj skladov\u00e1n\u00ed.<\/p>\n\t\t\t<\/div>\n\t\t\t<\/div>\n<\/div>\n<\/div><\/div><\/div><div class=\"wpb_column vc_column_container vc_col-sm-12 vc_col-lg-4 vc_col-md-4 vc_col-has-fill\"><div class=\"vc_column-inner vc_custom_1449204266169\"><div class=\"wpb_wrapper\">\n<div class=\"stm_icon center icon_position_top\">\n\t\t\t<div class=\"icon\" style=\"font-size: 67px; height: 90px; color: #ffffff;\">\n\t\t\t<i class=\"stm-support\"><\/i>\n\t\t<\/div>\n\t\t<div class=\"icon_text\">\n\t\t\t\t\t<div class=\"title\" style=\"font-size: 24px; font-weight: 700; color: #ffffff;\">\n\t\t\t\t\t\t\t\t\tPodpora 24\/7\t\t\t\t\t\t\t<\/div>\n\t\t\t\t\t\t\t<div class=\"text\" style=\"color: #ffffff;\">\n\t\t\t\t<p>To v\u0161e vysv\u011btluje, pro\u010d ve spole\u010dnosti SPEDMAN najdete vynikaj\u00edc\u00ed t\u00fdm podpory p\u0159ipraven\u00fd uplatnit svou v\u00e1\u0161e\u0148 pro \u0159e\u0161en\u00ed podpory va\u0161eho podnik\u00e1n\u00ed.<\/p>\n\t\t\t<\/div>\n\t\t\t<\/div>\n<\/div>\n<\/div><\/div><\/div><\/div><div class=\"vc_row-full-width\"><\/div>\n<\/div>","protected":false},"excerpt":{"rendered":"Vy\u017e\u00e1dejte si cenovou nab\u00eddku[contact-form-7 id=\"208\"] Bezpe\u010dn\u011b a prov\u011b\u0159en\u011b M\u016f\u017eete profitovat z na\u0161ich zku\u0161enost\u00ed p\u0159i dod\u00e1v\u00e1n\u00ed efektivn\u00edch \u0159e\u0161en\u00ed komplexn\u00edm glob\u00e1ln\u00edm dodavatelsk\u00fdm \u0159et\u011bzc\u016fm a na\u0161eho perfektn\u00edho servisu. Rychl\u00e9 doru\u010den\u00ed M\u016f\u017eete profitovat z ka\u017ed\u00e9 na\u0161\u00ed inovace,...","protected":false},"author":1,"featured_media":0,"parent":0,"menu_order":0,"comment_status":"closed","ping_status":"closed","template":"","meta":{"inline_featured_image":false,"footnotes":""},"class_list":["post-3416","page","type-page","status-publish","hentry"],"_links":{"self":[{"href":"https:\/\/spedman.cz\/cs\/wp-json\/wp\/v2\/pages\/3416","targetHints":{"allow":["GET"]}}],"collection":[{"href":"https:\/\/spedman.cz\/cs\/wp-json\/wp\/v2\/pages"}],"about":[{"href":"https:\/\/spedman.cz\/cs\/wp-json\/wp\/v2\/types\/page"}],"author":[{"embeddable":true,"href":"https:\/\/spedman.cz\/cs\/wp-json\/wp\/v2\/users\/1"}],"replies":[{"embeddable":true,"href":"https:\/\/spedman.cz\/cs\/wp-json\/wp\/v2\/comments?post=3416"}],"version-history":[{"count":2,"href":"https:\/\/spedman.cz\/cs\/wp-json\/wp\/v2\/pages\/3416\/revisions"}],"predecessor-version":[{"id":3418,"href":"https:\/\/spedman.cz\/cs\/wp-json\/wp\/v2\/pages\/3416\/revisions\/3418"}],"wp:attachment":[{"href":"https:\/\/spedman.cz\/cs\/wp-json\/wp\/v2\/media?parent=3416"}],"curies":[{"name":"wp","href":"https:\/\/api.w.org\/{rel}","templated":true}]}}