{"id":3413,"date":"2022-03-15T10:53:17","date_gmt":"2022-03-15T09:53:17","guid":{"rendered":"https:\/\/8er9g34w2g5aggpa.prev.site\/cz\/kontakt\/"},"modified":"2022-05-03T12:39:17","modified_gmt":"2022-05-03T10:39:17","slug":"kontakt","status":"publish","type":"page","link":"https:\/\/spedman.cz\/cs\/kontakt\/","title":{"rendered":"Kontakt"},"content":{"rendered":"<div class=\"wpb-content-wrapper\"><div class=\"vc_row wpb_row vc_row-fluid vc_custom_1449207080478\"><div class=\"wpb_column vc_column_container vc_col-sm-6 vc_col-lg-4 vc_col-md-4\"><div class=\"vc_column-inner vc_custom_1449207085340\"><div class=\"wpb_wrapper\">\n\t<div class=\"wpb_text_column wpb_content_element \" >\n\t\t<div class=\"wpb_wrapper\">\n\t\t\t<h2>B\u00fdt v kontaktu<\/h2>\n<p>Pokud m\u00e1te jak\u00fdkoli dotaz ohledn\u011b spole\u010dnosti SPEDMAN nebo v\u00e1s zaj\u00edm\u00e1, jak m\u016f\u017eeme podpo\u0159it va\u0161e podnik\u00e1n\u00ed, kontaktujte n\u00e1s pros\u00edm p\u0159\u00edmo v\u00fdb\u011brem z jedn\u00e9 z n\u00ed\u017ee uveden\u00fdch kategori\u00ed, kter\u00e1 je pro v\u00e1\u0161 dotaz nejrelevantn\u011bj\u0161\u00ed, a vypl\u0148te n\u00e1\u0161 kr\u00e1tk\u00fd formul\u00e1\u0159 pro zp\u011btnou vazbu.<\/p>\n\n\t\t<\/div>\n\t<\/div>\n<\/div><\/div><\/div><div class=\"wpb_column vc_column_container vc_col-sm-6 vc_col-lg-8 vc_col-md-8\"><div class=\"vc_column-inner vc_custom_1449207088828\"><div class=\"wpb_wrapper\">[contact-form-7 id=&#8221;453&#8243;]<\/div><\/div><\/div><\/div><div id=\"map\" class=\"vc_row wpb_row vc_row-fluid vc_column-gap-30 vc_row-o-content-middle vc_row-flex\"><div class=\"wpb_column vc_column_container vc_col-sm-12\"><div class=\"vc_column-inner\"><div class=\"wpb_wrapper\">\n\t<div class=\"wpb_text_column wpb_content_element \" >\n\t\t<div class=\"wpb_wrapper\">\n\t\t\t<p>[mapplic id=&#8221;1740&#8243; h=&#8221;60%&#8221;]<\/p>\n\n\t\t<\/div>\n\t<\/div>\n<div class=\"vc_empty_space\"   style=\"height: 20px\"><span class=\"vc_empty_space_inner\"><\/span><\/div><\/div><\/div><\/div><\/div><div id=\"info\" data-vc-full-width=\"true\" data-vc-full-width-init=\"false\" class=\"vc_row wpb_row vc_row-fluid vc_custom_1568725697548 vc_row-has-fill\"><div class=\"blacktext wpb_column vc_column_container vc_col-sm-12\"><div class=\"vc_column-inner\"><div class=\"wpb_wrapper\">\n<div class=\"stm_sidebar\">\n\t\t<div class=\"wpb-content-wrapper\"><div class=\"vc_row wpb_row vc_row-fluid\"><div class=\"wpb_column vc_column_container vc_col-sm-12\"><div class=\"vc_column-inner vc_custom_1562576108797\"><div class=\"wpb_wrapper\">\n\t<div class=\"wpb_text_column wpb_content_element \" >\n\t\t<div class=\"wpb_wrapper\">\n\t\t\t<h2 style=\"text-align: left;\">SPEDMAN Sweden<\/h2>\n\n\t\t<\/div>\n\t<\/div>\n<\/div><\/div><\/div><\/div><div class=\"vc_row wpb_row vc_row-fluid\"><div class=\"wpb_column vc_column_container vc_col-sm-3\"><div class=\"vc_column-inner\"><div class=\"wpb_wrapper\">\n\t<div class=\"wpb_text_column wpb_content_element \" >\n\t\t<div class=\"wpb_wrapper\">\n\t\t\t<p><strong>Gothenburg office:<\/strong><br \/>\nSpedman Global Logistics AB<br \/>\nBox 11455<br \/>\nS-404 30 Gothenburg, Sweden<br \/>\n(+46) 31 7610050<\/p>\n<p><strong>Stockholm Office:<\/strong><br \/>\nSpedman Global Logistics AB<br \/>\nKabelgatan 5<br \/>\n19560 Stockholm<br \/>\n(+46) 8 410 205 90<\/p>\n\n\t\t<\/div>\n\t<\/div>\n<\/div><\/div><\/div><div class=\"wpb_column vc_column_container vc_col-sm-3\"><div class=\"vc_column-inner\"><div class=\"wpb_wrapper\">\n\t<div class=\"wpb_text_column wpb_content_element \" >\n\t\t<div class=\"wpb_wrapper\">\n\t\t\t<p><strong>Managing Director:<\/strong><br \/>\nJoakim Johannisson<br \/>\nM: +46 722 373900<br \/>\nE: <a href=\"mailto:sa***@*****an.se\" data-original-string=\"WApU6eN84i\/awi+xlQ4Mpw==697R\/KX5Xd\/e2RfEPyXcxI0L1Z1cJoMp30LZzBJKDIpuKE=\" title=\"This contact has been encoded by Anti-Spam by CleanTalk. Click to decode. To finish the decoding make sure that JavaScript is enabled in your browser.\"><span \n                data-original-string='GQSOdzDOdjfBds4JS\/ANnQ==697FNC+k\/UbLQucPl32VvHIDeuCKfAX9LAef651VDwj8u4='\n                class='apbct-email-encoder'\n                title='This contact has been encoded by Anti-Spam by CleanTalk. Click to decode. To finish the decoding make sure that JavaScript is enabled in your browser.'>sa<span class=\"apbct-blur\">***<\/span>@<span class=\"apbct-blur\">*****<\/span>an.se<\/span><\/a><\/p>\n\n\t\t<\/div>\n\t<\/div>\n<\/div><\/div><\/div><div class=\"wpb_column vc_column_container vc_col-sm-3\"><div class=\"vc_column-inner\"><div class=\"wpb_wrapper\"><\/div><\/div><\/div><div class=\"wpb_column vc_column_container vc_col-sm-3\"><div class=\"vc_column-inner\"><div class=\"wpb_wrapper\"><\/div><\/div><\/div><\/div>\n<\/div><\/div><\/div><\/div><\/div><\/div><div class=\"vc_row-full-width\"><\/div><div id=\"quote\" data-vc-full-width=\"true\" data-vc-full-width-init=\"false\" class=\"vc_row wpb_row vc_row-fluid reset-sm-paddings vc_custom_1575632917198 vc_row-has-fill vc_row-o-equal-height vc_row-flex\"><div class=\"wpb_column vc_column_container vc_col-sm-12 vc_col-lg-5 vc_col-md-6\"><div class=\"vc_column-inner vc_custom_1562447818499\"><div class=\"wpb_wrapper\"><h2 style=\"color: #ffffff;text-align: left\" class=\"vc_custom_heading\" >Vy\u017e\u00e1dejte si cenovou nab\u00eddku<\/h2>\n\t<div class=\"wpb_text_column wpb_content_element  whitetext\" >\n\t\t<div class=\"wpb_wrapper\">\n\t\t\t<p>Kontaktujte svou m\u00edstn\u00ed kancel\u00e1\u0159 Spedman Global Logistics pro nez\u00e1vaznou cenovou nab\u00eddku a objevte \u0161irokou \u0161k\u00e1lu na\u0161ich p\u0159epravn\u00edch a logistick\u00fdch slu\u017eeb.<\/p>\n\n\t\t<\/div>\n\t<\/div>\n<\/div><\/div><\/div><div class=\"wpb_column vc_column_container vc_col-sm-12 vc_col-lg-7 vc_col-md-6\"><div class=\"vc_column-inner vc_custom_1562575245750\"><div class=\"wpb_wrapper\"><div class=\"vc_row wpb_row vc_inner vc_row-fluid reset-sm-paddings\"><div class=\"base_bg_color wpb_column vc_column_container vc_col-sm-12 vc_col-has-fill\"><div class=\"vc_column-inner vc_custom_1562575250906\"><div class=\"wpb_wrapper\">[contact-form-7 id=&#8221;208&#8243;]<\/div><\/div><\/div><\/div><\/div><\/div><\/div><\/div><div class=\"vc_row-full-width\"><\/div><div data-vc-full-width=\"true\" data-vc-full-width-init=\"false\" data-vc-parallax=\"3\" data-vc-parallax-image=\"https:\/\/spedman.cz\/wp-content\/uploads\/sites\/8\/2015\/11\/GettyImages-931412476_web-e1562740025672.jpg\" class=\"vc_row wpb_row vc_row-fluid vc_custom_1575633023354 vc_row-has-fill vc_general vc_parallax vc_parallax-content-moving\"><div class=\"wpb_column vc_column_container vc_col-sm-12\"><div class=\"vc_column-inner vc_custom_1562589569369\"><div class=\"wpb_wrapper\"><\/div><\/div><\/div><\/div><div class=\"vc_row-full-width\"><\/div>\n<\/div>","protected":false},"excerpt":{"rendered":"B\u00fdt v kontaktu Pokud m\u00e1te jak\u00fdkoli dotaz ohledn\u011b spole\u010dnosti SPEDMAN nebo v\u00e1s zaj\u00edm\u00e1, jak m\u016f\u017eeme podpo\u0159it va\u0161e podnik\u00e1n\u00ed, kontaktujte n\u00e1s pros\u00edm p\u0159\u00edmo v\u00fdb\u011brem z jedn\u00e9 z n\u00ed\u017ee uveden\u00fdch kategori\u00ed, kter\u00e1 je pro v\u00e1\u0161...","protected":false},"author":1,"featured_media":0,"parent":0,"menu_order":0,"comment_status":"closed","ping_status":"closed","template":"","meta":{"inline_featured_image":false,"footnotes":""},"class_list":["post-3413","page","type-page","status-publish","hentry"],"_links":{"self":[{"href":"https:\/\/spedman.cz\/cs\/wp-json\/wp\/v2\/pages\/3413","targetHints":{"allow":["GET"]}}],"collection":[{"href":"https:\/\/spedman.cz\/cs\/wp-json\/wp\/v2\/pages"}],"about":[{"href":"https:\/\/spedman.cz\/cs\/wp-json\/wp\/v2\/types\/page"}],"author":[{"embeddable":true,"href":"https:\/\/spedman.cz\/cs\/wp-json\/wp\/v2\/users\/1"}],"replies":[{"embeddable":true,"href":"https:\/\/spedman.cz\/cs\/wp-json\/wp\/v2\/comments?post=3413"}],"version-history":[{"count":5,"href":"https:\/\/spedman.cz\/cs\/wp-json\/wp\/v2\/pages\/3413\/revisions"}],"predecessor-version":[{"id":3463,"href":"https:\/\/spedman.cz\/cs\/wp-json\/wp\/v2\/pages\/3413\/revisions\/3463"}],"wp:attachment":[{"href":"https:\/\/spedman.cz\/cs\/wp-json\/wp\/v2\/media?parent=3413"}],"curies":[{"name":"wp","href":"https:\/\/api.w.org\/{rel}","templated":true}]}}