{"id":3410,"date":"2022-03-15T10:49:49","date_gmt":"2022-03-15T09:49:49","guid":{"rendered":"https:\/\/8er9g34w2g5aggpa.prev.site\/cz\/kariera\/"},"modified":"2022-05-03T12:38:54","modified_gmt":"2022-05-03T10:38:54","slug":"kariera","status":"publish","type":"page","link":"https:\/\/spedman.cz\/cs\/kariera\/","title":{"rendered":"Kari\u00e9ra"},"content":{"rendered":"<div class=\"wpb-content-wrapper\"><div class=\"vc_row wpb_row vc_row-fluid vc_custom_1449138177261\"><div class=\"wpb_column vc_column_container vc_col-sm-12 vc_col-lg-4 vc_col-md-4\"><div class=\"vc_column-inner vc_custom_1449138185420\"><div class=\"wpb_wrapper\">\n\t<div class=\"wpb_text_column wpb_content_element \" >\n\t\t<div class=\"wpb_wrapper\">\n\t\t\t<h2>Kari\u00e9ra<br \/>\nv s\u00edti Spedman<\/h2>\n\n\t\t<\/div>\n\t<\/div>\n\n\t<div class=\"wpb_text_column wpb_content_element  vc_custom_1576575049822\" >\n\t\t<div class=\"wpb_wrapper\">\n\t\t\t<p><strong>Va\u0161e dal\u0161\u00ed v\u00fdzva by mohla b\u00fdt pr\u00e1v\u011b zde, ve skupin\u011b SPEDMAN Group.<\/strong><\/p>\n<p>Nab\u00edz\u00edme atraktivn\u00ed p\u0159\u00edle\u017eitosti pro v\u00e1\u0161 rozvoj &#8211; osobn\u00ed i profesn\u00ed a v stimuluj\u00edc\u00edm a p\u0159\u00ednosn\u00e9m prost\u0159ed\u00ed &#8211; a budeme se t\u011b\u0161it na va\u0161i \u017e\u00e1dost na <a href=\"mailto:jo**@*****an.com\" data-original-string=\"ajFOtpTmnu9SngIywPgAqw==697BnGVr8dgC53pjINXgWk6VArQAM1PKW8m8UON37YRVqo=\" title=\"This contact has been encoded by Anti-Spam by CleanTalk. Click to decode. To finish the decoding make sure that JavaScript is enabled in your browser.\"><span \n                data-original-string='MyrdyLf\/INEP35BdRufjqA==697D5KNhb4bPYdNNcv06ZD4TEfV0iScr0GWOdpHtYYlEXo='\n                class='apbct-email-encoder'\n                title='This contact has been encoded by Anti-Spam by CleanTalk. Click to decode. To finish the decoding make sure that JavaScript is enabled in your browser.'>jo<span class=\"apbct-blur\">**<\/span>@<span class=\"apbct-blur\">*****<\/span>an.com<\/span><\/a><\/p>\n\n\t\t<\/div>\n\t<\/div>\n<\/div><\/div><\/div><div class=\"wpb_column vc_column_container vc_col-sm-12 vc_col-lg-8 vc_col-md-8\"><div class=\"vc_column-inner vc_custom_1449138191163\"><div class=\"wpb_wrapper\">\n\t<div  class=\"wpb_single_image wpb_content_element vc_align_left\">\n\t\t\n\t\t<figure class=\"wpb_wrapper vc_figure\">\n\t\t\t<div class=\"vc_single_image-wrapper   vc_box_border_grey\"><img loading=\"lazy\" decoding=\"async\" width=\"1024\" height=\"683\" src=\"https:\/\/spedman.cz\/wp-content\/uploads\/sites\/8\/2020\/06\/GettyImages-163652010_web-e1562739998843-1024x683.jpg\" class=\"vc_single_image-img attachment-large\" alt=\"\" title=\"GettyImages-163652010_web-e1562739998843\" srcset=\"https:\/\/spedman.cz\/wp-content\/uploads\/sites\/8\/2020\/06\/GettyImages-163652010_web-e1562739998843-1024x683.jpg 1024w, https:\/\/spedman.cz\/wp-content\/uploads\/sites\/8\/2020\/06\/GettyImages-163652010_web-e1562739998843-300x200.jpg 300w, https:\/\/spedman.cz\/wp-content\/uploads\/sites\/8\/2020\/06\/GettyImages-163652010_web-e1562739998843-768x512.jpg 768w, https:\/\/spedman.cz\/wp-content\/uploads\/sites\/8\/2020\/06\/GettyImages-163652010_web-e1562739998843-1536x1024.jpg 1536w, https:\/\/spedman.cz\/wp-content\/uploads\/sites\/8\/2020\/06\/GettyImages-163652010_web-e1562739998843-2048x1366.jpg 2048w, https:\/\/spedman.cz\/wp-content\/uploads\/sites\/8\/2020\/06\/GettyImages-163652010_web-e1562739998843-255x170.jpg 255w\" sizes=\"auto, (max-width: 1024px) 100vw, 1024px\" \/><\/div>\n\t\t<\/figure>\n\t<\/div>\n<\/div><\/div><\/div><\/div><div data-vc-full-width=\"true\" data-vc-full-width-init=\"false\" class=\"vc_row wpb_row vc_row-fluid vc_custom_1562662325359 vc_row-has-fill\"><div class=\"wpb_column vc_column_container vc_col-sm-4\"><div class=\"vc_column-inner vc_custom_1449138333656\"><div class=\"wpb_wrapper\">\n\t<div class=\"wpb_text_column wpb_content_element  vc_custom_1575624029600\" >\n\t\t<div class=\"wpb_wrapper\">\n\t\t\t<h3>Kontaktujte n\u00e1s<\/h3>\n<p>Skupina SPEDMAN Global Logistics Group provozuje s\u00ed\u0165 p\u0159\u00edstavn\u00edch a leti\u0161tn\u00edch kancel\u00e1\u0159\u00ed v seversk\u00fdch zem\u00edch, Pobalt\u00ed a st\u0159edn\u00ed a v\u00fdchodn\u00ed Evrop\u011b.<\/p>\n\n\t\t<\/div>\n\t<\/div>\n<div class=\"vc_icon_element vc_icon_element-outer vc_icon_element-align-left vc_icon_element-have-style\"><div class=\"vc_icon_element-inner vc_icon_element-color-custom vc_icon_element-have-style-inner vc_icon_element-size-sm vc_icon_element-style-rounded vc_icon_element-background vc_icon_element-background-color-custom\"  style=\"background-color:#7b7e7c\"><span class=\"vc_icon_element-icon fa fa-linkedin\" style=\"color:#e5b71a !important\"><\/span><a class=\"vc_icon_element-link\" href=\"https:\/\/www.linkedin.com\/company\/spedman-global-logistics\/\"  title=\"\" target=\"_blank\"><\/a><\/div><\/div><\/div><\/div><\/div><div class=\"wpb_column vc_column_container vc_col-sm-8\"><div class=\"vc_column-inner\"><div class=\"wpb_wrapper\">[contact-form-7 id=&#8221;453&#8243;]<\/div><\/div><\/div><\/div><div class=\"vc_row-full-width\"><\/div>\n<\/div>","protected":false},"excerpt":{"rendered":"Kari\u00e9ra v s\u00edti Spedman Va\u0161e dal\u0161\u00ed v\u00fdzva by mohla b\u00fdt pr\u00e1v\u011b zde, ve skupin\u011b SPEDMAN Group. Nab\u00edz\u00edme atraktivn\u00ed p\u0159\u00edle\u017eitosti pro v\u00e1\u0161 rozvoj - osobn\u00ed i profesn\u00ed a v stimuluj\u00edc\u00edm a p\u0159\u00ednosn\u00e9m prost\u0159ed\u00ed -...","protected":false},"author":1,"featured_media":0,"parent":0,"menu_order":0,"comment_status":"closed","ping_status":"closed","template":"","meta":{"inline_featured_image":false,"footnotes":""},"class_list":["post-3410","page","type-page","status-publish","hentry"],"_links":{"self":[{"href":"https:\/\/spedman.cz\/cs\/wp-json\/wp\/v2\/pages\/3410","targetHints":{"allow":["GET"]}}],"collection":[{"href":"https:\/\/spedman.cz\/cs\/wp-json\/wp\/v2\/pages"}],"about":[{"href":"https:\/\/spedman.cz\/cs\/wp-json\/wp\/v2\/types\/page"}],"author":[{"embeddable":true,"href":"https:\/\/spedman.cz\/cs\/wp-json\/wp\/v2\/users\/1"}],"replies":[{"embeddable":true,"href":"https:\/\/spedman.cz\/cs\/wp-json\/wp\/v2\/comments?post=3410"}],"version-history":[{"count":5,"href":"https:\/\/spedman.cz\/cs\/wp-json\/wp\/v2\/pages\/3410\/revisions"}],"predecessor-version":[{"id":3460,"href":"https:\/\/spedman.cz\/cs\/wp-json\/wp\/v2\/pages\/3410\/revisions\/3460"}],"wp:attachment":[{"href":"https:\/\/spedman.cz\/cs\/wp-json\/wp\/v2\/media?parent=3410"}],"curies":[{"name":"wp","href":"https:\/\/api.w.org\/{rel}","templated":true}]}}