{"id":3401,"date":"2022-03-14T14:47:38","date_gmt":"2022-03-14T13:47:38","guid":{"rendered":"https:\/\/8er9g34w2g5aggpa.prev.site\/cz\/o-nas\/"},"modified":"2022-05-03T12:38:29","modified_gmt":"2022-05-03T10:38:29","slug":"o-nas","status":"publish","type":"page","link":"https:\/\/spedman.cz\/cs\/o-nas\/","title":{"rendered":"O n\u00e1s"},"content":{"rendered":"<div class=\"wpb-content-wrapper\"><div class=\"vc_row wpb_row vc_row-fluid vc_custom_1448347192284\"><div class=\"wpb_column vc_column_container vc_col-sm-12 vc_col-lg-4 vc_col-md-4\"><div class=\"vc_column-inner\"><div class=\"wpb_wrapper\">\n\t<div class=\"wpb_text_column wpb_content_element  vc_custom_1613556398203\" >\n\t\t<div class=\"wpb_wrapper\">\n\t\t\t<h4>HISTORIE<\/h4>\n<p>Spole\u010dnost SPEDMAN Global Logistics poch\u00e1z\u00ed ze \u0160v\u00e9dska, kde byl Spedman zalo\u017een v roce 1983 jako m\u00edstn\u00ed spedi\u010dn\u00ed spole\u010dnost.<\/p>\n<p>Po jej\u00edm nabyt\u00ed panevropsk\u00fdm p\u0159epravn\u00edm holdingem USS United Shipping Services v roce 2005 vstoupil SPEDMAN na cestu postupn\u00e9ho organick\u00e9ho r\u016fstu, spojen\u00e9ho s p\u0159ej\u00edm\u00e1n\u00edm a integrac\u00ed nez\u00e1visl\u00fdch leteck\u00fdch a n\u00e1mo\u0159n\u00edch spedi\u010dn\u00edch spole\u010dnost\u00ed.<\/p>\n\n\t\t<\/div>\n\t<\/div>\n<\/div><\/div><\/div><div class=\"wpb_column vc_column_container vc_col-sm-6 vc_col-lg-4 vc_col-md-4\"><div class=\"vc_column-inner\"><div class=\"wpb_wrapper\">\n\t<div class=\"wpb_text_column wpb_content_element\" >\n\t\t<div class=\"wpb_wrapper\">\n\t\t\t<h4>SOU\u010cASNOST<\/h4>\n<p>Skupina SPEDMAN Global Logistics Group v sou\u010dasnosti provozuje s\u00ed\u0165 p\u0159\u00edstavn\u00edch a leti\u0161tn\u00edch kancel\u00e1\u0159\u00ed pokr\u00fdvaj\u00edc\u00ed v\u0161echna hlavn\u00ed logistick\u00e1 centra v seversk\u00fdch zem\u00edch, Pobalt\u00ed a st\u0159edn\u00ed a v\u00fdchodn\u00ed Evrop\u011b.<\/p>\n<p>N\u00e1\u0161 t\u00fdm dnes tvo\u0159\u00ed v\u00edce ne\u017e 100 zku\u0161en\u00fdch koleg\u016f z 15 n\u00e1rodnost\u00ed, um\u00edst\u011bn\u00fdch ve 12 zem\u00edch a hovo\u0159\u00edc\u00edch 20 jazyky.<\/p>\n<p>Usilujeme o dlouhodob\u00e9, stabiln\u00ed a vz\u00e1jemn\u011b v\u00fdnosn\u00e9 spojen\u00ed s na\u0161imi z\u00e1kazn\u00edky, dodavateli a v\u0161emi obchodn\u00edmi partnery.<\/p>\n\n\t\t<\/div>\n\t<\/div>\n<\/div><\/div><\/div><div class=\"wpb_column vc_column_container vc_col-sm-6 vc_col-lg-4 vc_col-md-4\"><div class=\"vc_column-inner\"><div class=\"wpb_wrapper\">\n\t<div class=\"wpb_text_column wpb_content_element\" >\n\t\t<div class=\"wpb_wrapper\">\n\t\t\t<h4>Z\u00c1LE\u017d\u00cd N\u00c1M<\/h4>\n<p>Skupina SPEDMAN Global Logistics Group uzn\u00e1v\u00e1, \u017ee z\u00e1kladem z\u00e1jmu o \u017eivotn\u00ed prost\u0159ed\u00ed je zdrav\u00fd respekt k ostatn\u00edm. Uplat\u0148ov\u00e1n\u00edm dobr\u00e9ho vyu\u017eit\u00ed technologi\u00ed, syst\u00e9movosti v b\u011b\u017en\u00e9 praxi a informovanosti na\u0161ich zam\u011bstnanc\u016f se budeme sna\u017eit minimalizovat jak\u00e9koli naru\u0161en\u00ed m\u00edstn\u00edho i glob\u00e1ln\u00edho \u017eivotn\u00edho prost\u0159ed\u00ed a kvality \u017eivota m\u00edstn\u00edch komunit, ve kter\u00fdch p\u016fsob\u00edme.<\/p>\n<p>Chcete -li se dozv\u011bd\u011bt v\u00edce o na\u0161em z\u00e1vazku chr\u00e1nit \u017eivotn\u00ed prost\u0159ed\u00ed, p\u0159ejd\u011bte n\u00ed\u017ee do sekce dokument\u016f.<\/p>\n\n\t\t<\/div>\n\t<\/div>\n<\/div><\/div><\/div><\/div><div data-vc-full-width=\"true\" data-vc-full-width-init=\"false\" class=\"vc_row wpb_row vc_row-fluid vc_custom_1562586160826 vc_row-has-fill\"><div class=\"wpb_column vc_column_container vc_col-sm-12\"><div class=\"vc_column-inner\"><div class=\"wpb_wrapper\"><div class=\"vc_row wpb_row vc_inner vc_row-fluid vc_custom_1449136946410\"><div class=\"wpb_column vc_column_container vc_col-sm-3\"><div class=\"vc_column-inner vc_custom_1449136957585\"><div class=\"wpb_wrapper\">\n<div class=\"stm_icon left icon_position_top\">\n\t\t\t<div class=\"icon\" style=\"font-size: 73px; height: 100px; color: #000000;\">\n\t\t\t<i class=\"stm-transport839\"><\/i>\n\t\t<\/div>\n\t\t<div class=\"icon_text\">\n\t\t\t\t\t<div class=\"title\" style=\"font-size: 24px; font-weight: 600; color: #000000;\">\n\t\t\t\t\t\t\t\t\t\t\t\t\t\t<a style=\"font-size: 24px; font-weight: 600; color: #000000;\" href=\"\/cs\/services\/sea-freight\/\" target=\"_self\">Leteck\u00e1 p\u0159eprava<\/a>\n\t\t\t\t\t\t\t<\/div>\n\t\t\t\t\t\t\t<div class=\"text\" style=\"color: #020202;\">\n\t\t\t\t<p>Jako \u010dlen asociace IATA spolupracuje spole\u010dnost SPEDMAN Group se v\u0161emi v\u00fdznamn\u00fdmi leteck\u00fdmi spole\u010dnostmi a spojuje v\u0161echny hlavn\u00ed leteck\u00e9 p\u0159epravy a uzly na v\u0161ech kontinentech.<\/p>\n\t\t\t<\/div>\n\t\t\t<\/div>\n<\/div>\n<\/div><\/div><\/div><div class=\"wpb_column vc_column_container vc_col-sm-3\"><div class=\"vc_column-inner\"><div class=\"wpb_wrapper\">\n<div class=\"stm_icon left icon_position_top\">\n\t\t\t<div class=\"icon\" style=\"font-size: 89px; height: 100px; color: #000000;\">\n\t\t\t<i class=\"stm-ship\"><\/i>\n\t\t<\/div>\n\t\t<div class=\"icon_text\">\n\t\t\t\t\t<div class=\"title\" style=\"font-size: 24px; font-weight: 600; color: #000000;\">\n\t\t\t\t\t\t\t\t\t\t\t\t\t\t<a style=\"font-size: 24px; font-weight: 600; color: #000000;\" href=\"\/cs\/services\/sea-freight\/\" target=\"_self\">N\u00e1mo\u0159n\u00ed p\u0159eprava<\/a>\n\t\t\t\t\t\t\t<\/div>\n\t\t\t\t\t\t\t<div class=\"text\" style=\"color: #000000;\">\n\t\t\t\t<p>Ve spole\u010dnosti SPEDMAN Group spolupracujeme s celou \u0159adou renomovan\u00fdch p\u0159epravn\u00edch linek - dopravci pou\u017e\u00edvaj\u00edc\u00edmi hlubinn\u00e9 kontejnery, region\u00e1ln\u00edmi a pob\u0159e\u017en\u00edmi provozovateli i specializovan\u00fdmi majiteli plavidel.<\/p>\n\t\t\t<\/div>\n\t\t\t<\/div>\n<\/div>\n<\/div><\/div><\/div><div class=\"wpb_column vc_column_container vc_col-sm-3\"><div class=\"vc_column-inner\"><div class=\"wpb_wrapper\">\n<div class=\"stm_icon left icon_position_top\">\n\t\t\t<div class=\"icon\" style=\"font-size: 89px; height: 100px; color: #000000;\">\n\t\t\t<i class=\"stm-transport842\"><\/i>\n\t\t<\/div>\n\t\t<div class=\"icon_text\">\n\t\t\t\t\t<div class=\"title\" style=\"font-size: 24px; font-weight: 600; color: #000000;\">\n\t\t\t\t\t\t\t\t\t\t\t\t\t\t<a style=\"font-size: 24px; font-weight: 600; color: #000000;\" href=\"\/cs\/services\/sea-freight\/\" target=\"_self\">Silni\u010dn\u00ed p\u0159eprava<\/a>\n\t\t\t\t\t\t\t<\/div>\n\t\t\t\t\t\t\t<div class=\"text\" style=\"color: #000000;\">\n\t\t\t\t<p>Spole\u010dnosti skupiny SPEDMAN Group spolupracuj\u00ed s \u0159adou poskytovatel\u016f silni\u010dn\u00edch slu\u017eeb, aby nab\u00eddli skv\u011blou a ekologickou alternativu k n\u00e1mo\u0159n\u00ed a leteck\u00e9 p\u0159eprav\u011b.<\/p>\n\t\t\t<\/div>\n\t\t\t<\/div>\n<\/div>\n<\/div><\/div><\/div><div class=\"wpb_column vc_column_container vc_col-sm-3\"><div class=\"vc_column-inner\"><div class=\"wpb_wrapper\">\n<div class=\"stm_icon left icon_position_top\">\n\t\t\t<div class=\"icon\" style=\"font-size: 89px; height: 100px; color: #000000;\">\n\t\t\t<i class=\"stm-warehouse\"><\/i>\n\t\t<\/div>\n\t\t<div class=\"icon_text\">\n\t\t\t\t\t<div class=\"title\" style=\"font-size: 24px; font-weight: 600; color: #000000;\">\n\t\t\t\t\t\t\t\t\t\t\t\t\t\t<a style=\"font-size: 24px; font-weight: 600; color: #000000;\" href=\"\/cs\/services\/sea-freight\/\" target=\"_self\">Skladov\u00e1n\u00ed<\/a>\n\t\t\t\t\t\t\t<\/div>\n\t\t\t\t\t\t\t<div class=\"text\" style=\"color: #000000;\">\n\t\t\t\t<p>Spole\u010dnost SPEDMAN Group nab\u00edz\u00ed prost\u0159ednictv\u00edm profesion\u00e1ln\u00edch poskytovatel\u016f skladov\u00e1n\u00ed \u0159e\u0161en\u00ed \u0161it\u00e1 na m\u00edru pro r\u016fzn\u00e9 skupiny komodit.<\/p>\n\t\t\t<\/div>\n\t\t\t<\/div>\n<\/div>\n<\/div><\/div><\/div><\/div><div class=\"vc_row wpb_row vc_inner vc_row-fluid vc_custom_1449136951770\"><div class=\"wpb_column vc_column_container vc_col-sm-3\"><div class=\"vc_column-inner vc_custom_1449136966415\"><div class=\"wpb_wrapper\">\n<div class=\"stm_icon left icon_position_top\">\n\t\t\t<div class=\"icon\" style=\"font-size: 89px; height: 100px; color: #000000;\">\n\t\t\t<i class=\"stm-packaging-and-storage\"><\/i>\n\t\t<\/div>\n\t\t<div class=\"icon_text\">\n\t\t\t\t\t<div class=\"title\" style=\"font-size: 24px; font-weight: 600; color: #000000;\">\n\t\t\t\t\t\t\t\t\t\t\t\t\t\t<a style=\"font-size: 24px; font-weight: 600; color: #000000;\" href=\"\/cs\/services\/sea-freight\/\" target=\"_self\">Project Cargo<\/a>\n\t\t\t\t\t\t\t<\/div>\n\t\t\t\t\t\t\t<div class=\"text\" style=\"color: #000000;\">\n\t\t\t\t<p>Na\u0161i klienti oce\u0148uj\u00ed na\u0161e inovativn\u00ed \u201enekonven\u010dn\u00ed\u201c my\u0161len\u00ed, kter\u00e9 umo\u017e\u0148uje p\u0159epravu r\u016fzn\u011b vysok\u00fdch a t\u011b\u017ek\u00fdch n\u00e1kladn\u00edch kus\u016f po zemi, mo\u0159i a vzduchem.<\/p>\n\t\t\t<\/div>\n\t\t\t<\/div>\n<\/div>\n<\/div><\/div><\/div><div class=\"wpb_column vc_column_container vc_col-sm-3\"><div class=\"vc_column-inner vc_custom_1449136971250\"><div class=\"wpb_wrapper\">\n<div class=\"stm_icon left icon_position_top\">\n\t\t\t<div class=\"icon\" style=\"font-size: 89px; height: 100px; color: #000000;\">\n\t\t\t<i class=\"stm-projects-done\"><\/i>\n\t\t<\/div>\n\t\t<div class=\"icon_text\">\n\t\t\t\t\t<div class=\"title\" style=\"font-size: 24px; font-weight: 600; color: #000000;\">\n\t\t\t\t\t\t\t\t\t\t\t\t\t\t<a style=\"font-size: 24px; font-weight: 600; color: #000000;\" href=\"\/cs\/services\/sea-freight\/\" target=\"_self\">Celn\u00ed odbaven\u00ed<\/a>\n\t\t\t\t\t\t\t<\/div>\n\t\t\t\t\t\t\t<div class=\"text\" style=\"color: #000000;\">\n\t\t\t\t<p>Celn\u00ed odbaven\u00ed Import \/ Export, Tranzitn\u00ed odbaven\u00ed, formality spjat\u00e9 s DPH, hl\u00e1\u0161en\u00ed Intrastatu, hl\u00e1\u0161en\u00ed n\u00e1klad\u016f spojen\u00fdch s vylo\u017een\u00edm.<\/p>\n\t\t\t<\/div>\n\t\t\t<\/div>\n<\/div>\n<\/div><\/div><\/div><div class=\"wpb_column vc_column_container vc_col-sm-3\"><div class=\"vc_column-inner\"><div class=\"wpb_wrapper\">\n<div class=\"stm_icon left icon_position_top\">\n\t\t\t<div class=\"icon\" style=\"font-size: 89px; height: 100px; color: #020202;\">\n\t\t\t<i class=\"stm-transport847\"><\/i>\n\t\t<\/div>\n\t\t<div class=\"icon_text\">\n\t\t\t\t\t<div class=\"title\" style=\"font-size: 24px; font-weight: 600; color: #000000;\">\n\t\t\t\t\t\t\t\t\t\t\t\t\t\t<a style=\"font-size: 24px; font-weight: 600; color: #000000;\" href=\"\/cs\/services\/sea-freight\/\" target=\"_self\">\u017delezni\u010dn\u00ed a Multimod\u00e1ln\u00ed p\u0159eprava<\/a>\n\t\t\t\t\t\t\t<\/div>\n\t\t\t\t\t\t\t<div class=\"text\" style=\"color: #000000;\">\n\t\t\t\t<p>Rychlej\u0161\u00ed ne\u017e n\u00e1mo\u0159n\u00ed p\u0159eprava, levn\u011bj\u0161\u00ed ne\u017e leteck\u00e1 p\u0159eprava. \u017delezni\u010dn\u00ed slu\u017eby jsou st\u00e1le \u010dast\u011bji vyu\u017e\u00edv\u00e1ny v ka\u017edodenn\u00ed p\u0159eprav\u011b!<\/p>\n\t\t\t<\/div>\n\t\t\t<\/div>\n<\/div>\n<\/div><\/div><\/div><div class=\"wpb_column vc_column_container vc_col-sm-3\"><div class=\"vc_column-inner\"><div class=\"wpb_wrapper\">\n<div class=\"stm_icon left icon_position_top\">\n\t\t\t<div class=\"icon\" style=\"font-size: 89px; height: 100px; color: #000000;\">\n\t\t\t<i class=\"stm-projects-done\"><\/i>\n\t\t<\/div>\n\t\t<div class=\"icon_text\">\n\t\t\t\t\t<div class=\"title\" style=\"font-size: 24px; font-weight: 600; color: #000000;\">\n\t\t\t\t\t\t\t\t\t\t\t\t\t\t<a style=\"font-size: 24px; font-weight: 600; color: #000000;\" href=\"\/cs\/services\/sea-freight\/\" target=\"_self\">Poji\u0161t\u011bn\u00ed n\u00e1kladu<\/a>\n\t\t\t\t\t\t\t<\/div>\n\t\t\t\t\t\t\t<div class=\"text\" style=\"color: #000000;\">\n\t\t\t\t<p>Nejlep\u0161\u00ed zp\u016fsob, jak chr\u00e1nit sv\u00e9 podnik\u00e1n\u00ed p\u0159ed po\u0161kozen\u00edm nebo ztr\u00e1tou b\u011bhem p\u0159epravy, je uzav\u0159\u00edt poji\u0161t\u011bn\u00ed n\u00e1kladu.<\/p>\n\t\t\t<\/div>\n\t\t\t<\/div>\n<\/div>\n<\/div><\/div><\/div><\/div><\/div><\/div><\/div><\/div><div class=\"vc_row-full-width\"><\/div><div data-vc-full-width=\"true\" data-vc-full-width-init=\"false\" class=\"vc_row wpb_row vc_row-fluid secondary_bg_color vc_custom_1448346766847\"><div class=\"wpb_column vc_column_container vc_col-sm-2\"><div class=\"vc_column-inner\"><div class=\"wpb_wrapper\"><\/div><\/div><\/div><div class=\"wpb_column vc_column_container vc_col-sm-8\"><div class=\"vc_column-inner\"><div class=\"wpb_wrapper\"><section class=\"vc_cta3-container\"><div class=\"vc_general vc_cta3 secondary_bg_color vc_cta3-style-classic vc_cta3-shape-square vc_cta3-align-left vc_cta3-color-black vc_cta3-icon-size-md vc_cta3-actions-right\"><div class=\"vc_cta3_content-container\"><div class=\"vc_cta3-content\"><header class=\"vc_cta3-content-header\"><h2>Nez\u00e1vazn\u00e1 cenov\u00e1 nab\u00eddka zdarma<\/h2><\/header><p>Kontaktujte svou m\u00edstn\u00ed kancel\u00e1\u0159 Spedman Global Logistics pro nez\u00e1vaznou cenovou nab\u00eddku a objevte \u0161irokou \u0161k\u00e1lu na\u0161ich p\u0159epravn\u00edch a logistick\u00fdch slu\u017eeb.<\/p>\n<\/div><div class=\"vc_cta3-actions\"><div class=\"vc_btn3-container vc_btn3-center\" ><a class=\"vc_general vc_btn3 vc_btn3-size-lg vc_btn3-shape-round vc_btn3-style-outline vc_btn3-color-white\" href=\"https:\/\/spedman.com\/#quote\" title=\"Kontakt\">Kontaktujte n\u00e1s<\/a><\/div><\/div><\/div><\/div><\/section><\/div><\/div><\/div><div class=\"wpb_column vc_column_container vc_col-sm-2\"><div class=\"vc_column-inner\"><div class=\"wpb_wrapper\"><\/div><\/div><\/div><\/div><div class=\"vc_row-full-width\"><\/div><div id=\"download\" class=\"vc_row wpb_row vc_row-fluid vc_custom_1568803409418\"><div class=\"wpb_column vc_column_container vc_col-sm-6\"><div class=\"vc_column-inner\"><div class=\"wpb_wrapper\">\n\t<div class=\"wpb_text_column wpb_content_element  vc_custom_1568797673353\" >\n\t\t<div class=\"wpb_wrapper\">\n\t\t\t<h3>Dokumenty ke sta\u017een\u00ed<\/h3>\n<p>N\u00ed\u017ee je na\u0161e sekce s p\u0159\u00edslu\u0161n\u00fdmi dokumenty ke sta\u017een\u00ed.<\/p>\n\n\t\t<\/div>\n\t<\/div>\n\n\t<div class=\"wpb_text_column wpb_content_element\" >\n\t\t<div class=\"wpb_wrapper\">\n\t\t\t<ul class=\"dlm-downloads\"><li><a class=\"download-link filetype-icon filetype-pdf\" \n   title=\"\" href=\"https:\/\/spedman.cz\/cs\/download\/3217\/?tmstv=1777573742\" rel=\"nofollow\">\n\tSpedman-Environmental-Policy.pdf\t(113,39 KB)\n<\/a>\n\n<\/li><li><a class=\"download-link filetype-icon filetype-pdf\" \n   title=\"\" href=\"https:\/\/spedman.cz\/cs\/download\/3213\/?tmstv=1777573742\" rel=\"nofollow\">\n\tSpedman-Privacy-Policy-www.pdf\t(149,77 KB)\n<\/a>\n\n<\/li><li><a class=\"download-link filetype-icon filetype-pdf\" \n   title=\"\" href=\"https:\/\/spedman.cz\/cs\/download\/1806\/?tmstv=1777573742\" rel=\"nofollow\">\n\tContainer-dim-Spedman.pdf\t(415,77 KB)\n<\/a>\n\n<\/li><li><a class=\"download-link filetype-icon filetype-pdf\" \n   title=\"\" href=\"https:\/\/spedman.cz\/cs\/download\/1804\/?tmstv=1777573742\" rel=\"nofollow\">\n\tConditions-of-contract-Vessel.pdf\t(71,32 KB)\n<\/a>\n\n<\/li><\/ul>\n\t\t\t\t\n\n\t\t<\/div>\n\t<\/div>\n<\/div><\/div><\/div><div class=\"wpb_column vc_column_container vc_col-sm-6\"><div class=\"vc_column-inner\"><div class=\"wpb_wrapper\">\n\t<div  class=\"wpb_single_image wpb_content_element vc_align_right\">\n\t\t\n\t\t<figure class=\"wpb_wrapper vc_figure\">\n\t\t\t<div class=\"vc_single_image-wrapper   vc_box_border_grey\"><img loading=\"lazy\" decoding=\"async\" width=\"1024\" height=\"683\" src=\"https:\/\/spedman.cz\/wp-content\/uploads\/sites\/8\/2020\/01\/GettyImages-678744464-e1568802187613-1024x683.jpg\" class=\"vc_single_image-img attachment-large\" alt=\"\" title=\"GettyImages-678744464-e1568802187613\" srcset=\"https:\/\/spedman.cz\/wp-content\/uploads\/sites\/8\/2020\/01\/GettyImages-678744464-e1568802187613-1024x683.jpg 1024w, https:\/\/spedman.cz\/wp-content\/uploads\/sites\/8\/2020\/01\/GettyImages-678744464-e1568802187613-300x200.jpg 300w, https:\/\/spedman.cz\/wp-content\/uploads\/sites\/8\/2020\/01\/GettyImages-678744464-e1568802187613-768x512.jpg 768w, https:\/\/spedman.cz\/wp-content\/uploads\/sites\/8\/2020\/01\/GettyImages-678744464-e1568802187613-1536x1024.jpg 1536w, https:\/\/spedman.cz\/wp-content\/uploads\/sites\/8\/2020\/01\/GettyImages-678744464-e1568802187613-2048x1365.jpg 2048w, https:\/\/spedman.cz\/wp-content\/uploads\/sites\/8\/2020\/01\/GettyImages-678744464-e1568802187613-255x170.jpg 255w\" sizes=\"auto, (max-width: 1024px) 100vw, 1024px\" \/><\/div>\n\t\t<\/figure>\n\t<\/div>\n<\/div><\/div><\/div><\/div><div class=\"vc_row wpb_row vc_row-fluid\"><div class=\"wpb_column vc_column_container vc_col-sm-12\"><div class=\"vc_column-inner\"><div class=\"wpb_wrapper\">\n<div class=\"stm_sidebar\">\n\t\t<div class=\"wpb-content-wrapper\"><div data-vc-full-width=\"true\" data-vc-full-width-init=\"false\" data-vc-stretch-content=\"true\" class=\"vc_row wpb_row vc_row-fluid first_bg_color services_icons reset-sm-paddings vc_custom_1562587474087 vc_row-no-padding vc_row-o-equal-height vc_row-o-content-top vc_row-flex\"><div class=\"wpb_column vc_column_container vc_col-sm-12 vc_col-lg-4 vc_col-md-4 vc_col-has-fill\"><div class=\"vc_column-inner vc_custom_1562671837056\"><div class=\"wpb_wrapper\">\n<div class=\"stm_icon center icon_position_top\">\n\t\t\t<div class=\"icon\" style=\"font-size: 67px; height: 90px; color: #ffffff;\">\n\t\t\t<i class=\"stm-security\"><\/i>\n\t\t<\/div>\n\t\t<div class=\"icon_text\">\n\t\t\t\t\t<div class=\"title\" style=\"font-size: 24px; font-weight: 600; color: #f9b734;\">\n\t\t\t\t\t\t\t\t\tBezpe\u010dn\u011b a prov\u011b\u0159en\u011b\t\t\t\t\t\t\t<\/div>\n\t\t\t\t\t\t\t<div class=\"text\" style=\"color: #ffffff;\">\n\t\t\t\t<p>M\u016f\u017eete profitovat z na\u0161ich zku\u0161enost\u00ed p\u0159i dod\u00e1v\u00e1n\u00ed efektivn\u00edch \u0159e\u0161en\u00ed komplexn\u00edm glob\u00e1ln\u00edm dodavatelsk\u00fdm \u0159et\u011bzc\u016fm a na\u0161eho perfektn\u00edho servisu.<\/p>\n\t\t\t<\/div>\n\t\t\t<\/div>\n<\/div>\n<\/div><\/div><\/div><div class=\"wpb_column vc_column_container vc_col-sm-12 vc_col-lg-4 vc_col-md-4 vc_col-has-fill\"><div class=\"vc_column-inner vc_custom_1562671844296\"><div class=\"wpb_wrapper\">\n<div class=\"stm_icon center icon_position_top\">\n\t\t\t<div class=\"icon\" style=\"font-size: 67px; height: 90px; color: #ffffff;\">\n\t\t\t<i class=\"stm-fast-delivery\"><\/i>\n\t\t<\/div>\n\t\t<div class=\"icon_text\">\n\t\t\t\t\t<div class=\"title\" style=\"font-size: 24px; font-weight: 600; color: #f9b734;\">\n\t\t\t\t\t\t\t\t\tRychl\u00e9 doru\u010den\u00ed\t\t\t\t\t\t\t<\/div>\n\t\t\t\t\t\t\t<div class=\"text\" style=\"color: #ffffff;\">\n\t\t\t\t<p>M\u016f\u017eete profitovat z ka\u017ed\u00e9 na\u0161\u00ed inovace, a\u0165 u\u017e jde o jednoduch\u00e9 roz\u0161\u00ed\u0159en\u00ed na\u0161ich produkt\u016f leteck\u00e9 nebo n\u00e1mo\u0159n\u00ed p\u0159epravy, \u010di rozvoj skladov\u00e1n\u00ed.<\/p>\n\t\t\t<\/div>\n\t\t\t<\/div>\n<\/div>\n<\/div><\/div><\/div><div class=\"wpb_column vc_column_container vc_col-sm-12 vc_col-lg-4 vc_col-md-4 vc_col-has-fill\"><div class=\"vc_column-inner vc_custom_1562671853667\"><div class=\"wpb_wrapper\">\n<div class=\"stm_icon center icon_position_top\">\n\t\t\t<div class=\"icon\" style=\"font-size: 67px; height: 90px; color: #ffffff;\">\n\t\t\t<i class=\"stm-support\"><\/i>\n\t\t<\/div>\n\t\t<div class=\"icon_text\">\n\t\t\t\t\t<div class=\"title\" style=\"font-size: 24px; font-weight: 600; color: #f9b734;\">\n\t\t\t\t\t\t\t\t\tPodpora 24\/7\t\t\t\t\t\t\t<\/div>\n\t\t\t\t\t\t\t<div class=\"text\" style=\"color: #ffffff;\">\n\t\t\t\t<p>To v\u0161e vysv\u011btluje, pro\u010d ve spole\u010dnosti SPEDMAN najdete vynikaj\u00edc\u00ed t\u00fdm podpory p\u0159ipraven\u00fd uplatnit svou v\u00e1\u0161e\u0148 pro \u0159e\u0161en\u00ed podpory va\u0161eho podnik\u00e1n\u00ed.<\/p>\n\t\t\t<\/div>\n\t\t\t<\/div>\n<\/div>\n<\/div><\/div><\/div><\/div><div class=\"vc_row-full-width\"><\/div>\n<\/div><\/div><\/div><\/div><\/div><\/div><div data-vc-full-width=\"true\" data-vc-full-width-init=\"false\" data-vc-parallax=\"3\" data-vc-parallax-o-fade=\"on\" data-vc-parallax-image=\"https:\/\/spedman.cz\/wp-content\/uploads\/sites\/8\/2020\/01\/spedman_road.jpg\" class=\"vc_row wpb_row vc_row-fluid vc_row-has-fill vc_general vc_parallax vc_parallax-content-moving-fade js-vc_parallax-o-fade\"><div class=\"wpb_column vc_column_container vc_col-sm-12\"><div class=\"vc_column-inner vc_custom_1562587942916\"><div class=\"wpb_wrapper\"><\/div><\/div><\/div><\/div><div class=\"vc_row-full-width\"><\/div>\n<\/div>","protected":false},"excerpt":{"rendered":"HISTORIE Spole\u010dnost SPEDMAN Global Logistics poch\u00e1z\u00ed ze \u0160v\u00e9dska, kde byl Spedman zalo\u017een v roce 1983 jako m\u00edstn\u00ed spedi\u010dn\u00ed spole\u010dnost. Po jej\u00edm nabyt\u00ed panevropsk\u00fdm p\u0159epravn\u00edm holdingem USS United Shipping Services v roce 2005 vstoupil...","protected":false},"author":1,"featured_media":0,"parent":0,"menu_order":0,"comment_status":"closed","ping_status":"closed","template":"","meta":{"inline_featured_image":false,"footnotes":""},"class_list":["post-3401","page","type-page","status-publish","hentry"],"_links":{"self":[{"href":"https:\/\/spedman.cz\/cs\/wp-json\/wp\/v2\/pages\/3401","targetHints":{"allow":["GET"]}}],"collection":[{"href":"https:\/\/spedman.cz\/cs\/wp-json\/wp\/v2\/pages"}],"about":[{"href":"https:\/\/spedman.cz\/cs\/wp-json\/wp\/v2\/types\/page"}],"author":[{"embeddable":true,"href":"https:\/\/spedman.cz\/cs\/wp-json\/wp\/v2\/users\/1"}],"replies":[{"embeddable":true,"href":"https:\/\/spedman.cz\/cs\/wp-json\/wp\/v2\/comments?post=3401"}],"version-history":[{"count":8,"href":"https:\/\/spedman.cz\/cs\/wp-json\/wp\/v2\/pages\/3401\/revisions"}],"predecessor-version":[{"id":3457,"href":"https:\/\/spedman.cz\/cs\/wp-json\/wp\/v2\/pages\/3401\/revisions\/3457"}],"wp:attachment":[{"href":"https:\/\/spedman.cz\/cs\/wp-json\/wp\/v2\/media?parent=3401"}],"curies":[{"name":"wp","href":"https:\/\/api.w.org\/{rel}","templated":true}]}}